{"id":347,"date":"2025-06-12T15:08:17","date_gmt":"2025-06-12T13:08:17","guid":{"rendered":"https:\/\/prawnikzielonagora.pl\/?page_id=347"},"modified":"2026-02-06T15:38:03","modified_gmt":"2026-02-06T14:38:03","slug":"polityka-ochrony-danych-osobowych","status":"publish","type":"page","link":"https:\/\/prawnikzielonagora.pl\/?page_id=347","title":{"rendered":"Polityka ochrony danych osobowych"},"content":{"rendered":"\t\t<div data-elementor-type=\"wp-page\" data-elementor-id=\"347\" class=\"elementor elementor-347\">\n\t\t\t\t<div class=\"elementor-element elementor-element-9b79082 e-flex e-con-boxed e-con e-parent\" data-id=\"9b79082\" data-element_type=\"container\" data-e-type=\"container\" data-settings=\"{&quot;background_background&quot;:&quot;classic&quot;}\">\n\t\t\t\t\t<div class=\"e-con-inner\">\n\t\t\t\t<div class=\"elementor-element elementor-element-1b3bf57 elementor-widget elementor-widget-heading\" data-id=\"1b3bf57\" data-element_type=\"widget\" data-e-type=\"widget\" data-widget_type=\"heading.default\">\n\t\t\t\t<div class=\"elementor-widget-container\">\n\t\t\t\t\t<h1 class=\"elementor-heading-title elementor-size-default\">Klauzula informacyjna dla os\u00f3b, kt\u00f3rych dane s\u0105 przez nas przetwarzane<\/h1>\t\t\t\t<\/div>\n\t\t\t\t<\/div>\n\t\t\t\t\t<\/div>\n\t\t\t\t<\/div>\n\t\t<div class=\"elementor-element elementor-element-5a02878 e-flex e-con-boxed e-con e-parent\" data-id=\"5a02878\" data-element_type=\"container\" data-e-type=\"container\">\n\t\t\t\t\t<div class=\"e-con-inner\">\n\t\t\t\t<div class=\"elementor-element elementor-element-183d04b elementor-widget elementor-widget-text-editor\" data-id=\"183d04b\" data-element_type=\"widget\" data-e-type=\"widget\" data-widget_type=\"text-editor.default\">\n\t\t\t\t<div class=\"elementor-widget-container\">\n\t\t\t\t\t\t\t\t\t<p>Na podstawie art. 13 ust. 1\u20132 Rozporz\u0105dzenia Parlamentu Europejskiego i Rady (UE) 2016\/679 z dnia 27 kwietnia 2016 r. w sprawie ochrony os\u00f3b fizycznych w zwi\u0105zku z przetwarzaniem danych osobowych i w sprawie swobodnego przep\u0142ywu takich danych (RODO) informujemy, \u017ce:<\/p>\t\t\t\t\t\t\t\t<\/div>\n\t\t\t\t<\/div>\n\t\t\t\t\t<\/div>\n\t\t\t\t<\/div>\n\t\t<div class=\"elementor-element elementor-element-d416606 e-flex e-con-boxed e-con e-parent\" data-id=\"d416606\" data-element_type=\"container\" data-e-type=\"container\">\n\t\t\t\t\t<div class=\"e-con-inner\">\n\t\t\t\t<div class=\"elementor-element elementor-element-ca82055 elementor-widget__width-initial elementor-widget-divider--view-line elementor-widget elementor-widget-divider\" data-id=\"ca82055\" data-element_type=\"widget\" data-e-type=\"widget\" data-widget_type=\"divider.default\">\n\t\t\t\t<div class=\"elementor-widget-container\">\n\t\t\t\t\t\t\t<div class=\"elementor-divider\">\n\t\t\t<span class=\"elementor-divider-separator\">\n\t\t\t\t\t\t<\/span>\n\t\t<\/div>\n\t\t\t\t\t\t<\/div>\n\t\t\t\t<\/div>\n\t\t\t\t\t<\/div>\n\t\t\t\t<\/div>\n\t\t<div class=\"elementor-element elementor-element-8691013 e-flex e-con-boxed e-con e-parent\" data-id=\"8691013\" data-element_type=\"container\" data-e-type=\"container\" data-settings=\"{&quot;background_background&quot;:&quot;classic&quot;}\">\n\t\t\t\t\t<div class=\"e-con-inner\">\n\t\t\t\t<div class=\"elementor-element elementor-element-52b3656 elementor-widget elementor-widget-heading\" data-id=\"52b3656\" data-element_type=\"widget\" data-e-type=\"widget\" data-widget_type=\"heading.default\">\n\t\t\t\t<div class=\"elementor-widget-container\">\n\t\t\t\t\t<h4 class=\"elementor-heading-title elementor-size-default\">1. Administrator danych osobowych<\/h4>\t\t\t\t<\/div>\n\t\t\t\t<\/div>\n\t\t\t\t<div class=\"elementor-element elementor-element-ff70fad elementor-widget elementor-widget-text-editor\" data-id=\"ff70fad\" data-element_type=\"widget\" data-e-type=\"widget\" data-widget_type=\"text-editor.default\">\n\t\t\t\t<div class=\"elementor-widget-container\">\n\t\t\t\t\t\t\t\t\t<p>Wsp\u00f3\u0142administratorami danych osobowych (ADO) s\u0105:<\/p><ul><li><strong>Kancelaria Radcy Prawnego Jacek Hajduk<\/strong>,<\/li><li><strong>Kancelaria Radcy Prawnego Dominik Matli\u0144ski<\/strong><\/li><\/ul><p>z siedzib\u0105 w Zielonej G\u00f3rze, ul. Reja 8\/3.<\/p><p><span style=\"color: #ff0000;\">\ud83d\udcde<\/span> Telefon kontaktowy: +48 68 324 34 20<\/p>\t\t\t\t\t\t\t\t<\/div>\n\t\t\t\t<\/div>\n\t\t\t\t\t<\/div>\n\t\t\t\t<\/div>\n\t\t<div class=\"elementor-element elementor-element-afc8766 e-flex e-con-boxed e-con e-parent\" data-id=\"afc8766\" data-element_type=\"container\" data-e-type=\"container\">\n\t\t\t\t\t<div class=\"e-con-inner\">\n\t\t\t\t<div class=\"elementor-element elementor-element-a06d5d3 elementor-widget__width-initial elementor-widget-divider--view-line elementor-widget elementor-widget-divider\" data-id=\"a06d5d3\" data-element_type=\"widget\" data-e-type=\"widget\" data-widget_type=\"divider.default\">\n\t\t\t\t<div class=\"elementor-widget-container\">\n\t\t\t\t\t\t\t<div class=\"elementor-divider\">\n\t\t\t<span class=\"elementor-divider-separator\">\n\t\t\t\t\t\t<\/span>\n\t\t<\/div>\n\t\t\t\t\t\t<\/div>\n\t\t\t\t<\/div>\n\t\t\t\t\t<\/div>\n\t\t\t\t<\/div>\n\t\t<div class=\"elementor-element elementor-element-b2bf0a4 e-flex e-con-boxed e-con e-parent\" data-id=\"b2bf0a4\" data-element_type=\"container\" data-e-type=\"container\" data-settings=\"{&quot;background_background&quot;:&quot;classic&quot;}\">\n\t\t\t\t\t<div class=\"e-con-inner\">\n\t\t\t\t<div class=\"elementor-element elementor-element-b723f5f elementor-widget elementor-widget-heading\" data-id=\"b723f5f\" data-element_type=\"widget\" data-e-type=\"widget\" data-widget_type=\"heading.default\">\n\t\t\t\t<div class=\"elementor-widget-container\">\n\t\t\t\t\t<h4 class=\"elementor-heading-title elementor-size-default\">2. Cele przetwarzania danych osobowych<\/h4>\t\t\t\t<\/div>\n\t\t\t\t<\/div>\n\t\t\t\t<div class=\"elementor-element elementor-element-75d51ce elementor-widget elementor-widget-text-editor\" data-id=\"75d51ce\" data-element_type=\"widget\" data-e-type=\"widget\" data-widget_type=\"text-editor.default\">\n\t\t\t\t<div class=\"elementor-widget-container\">\n\t\t\t\t\t\t\t\t\t<p data-start=\"838\" data-end=\"948\">Pa\u0144stwa dane osobowe, w tym dane szczeg\u00f3lnych kategorii (art. 9 RODO), przetwarzane s\u0105 w nast\u0119puj\u0105cych celach:<\/p><ul data-start=\"950\" data-end=\"1261\"><li data-start=\"950\" data-end=\"1071\"><p data-start=\"952\" data-end=\"1071\">zawarcie, realizacja i rozliczanie um\u00f3w w zakresie dzia\u0142alno\u015bci prawniczej (PKD 74.11.Z) \u2013 art. 6 ust. 1 lit. b RODO,<\/p><\/li><li data-start=\"1072\" data-end=\"1187\"><p data-start=\"1074\" data-end=\"1187\">ochrona \u017cywotnych interes\u00f3w osoby, kt\u00f3rej dane dotycz\u0105, lub innych os\u00f3b fizycznych \u2013 art. 9 ust. 2 lit. c RODO,<\/p><\/li><li data-start=\"1188\" data-end=\"1261\"><p data-start=\"1190\" data-end=\"1261\">ustalenie, dochodzenie lub obrony roszcze\u0144 \u2013 art. 9 ust. 2 lit. f RODO.<\/p><\/li><\/ul>\t\t\t\t\t\t\t\t<\/div>\n\t\t\t\t<\/div>\n\t\t\t\t\t<\/div>\n\t\t\t\t<\/div>\n\t\t<div class=\"elementor-element elementor-element-f1854b1 e-flex e-con-boxed e-con e-parent\" data-id=\"f1854b1\" data-element_type=\"container\" data-e-type=\"container\">\n\t\t\t\t\t<div class=\"e-con-inner\">\n\t\t\t\t<div class=\"elementor-element elementor-element-e8b0d82 elementor-widget__width-initial elementor-widget-divider--view-line elementor-widget elementor-widget-divider\" data-id=\"e8b0d82\" data-element_type=\"widget\" data-e-type=\"widget\" data-widget_type=\"divider.default\">\n\t\t\t\t<div class=\"elementor-widget-container\">\n\t\t\t\t\t\t\t<div class=\"elementor-divider\">\n\t\t\t<span class=\"elementor-divider-separator\">\n\t\t\t\t\t\t<\/span>\n\t\t<\/div>\n\t\t\t\t\t\t<\/div>\n\t\t\t\t<\/div>\n\t\t\t\t\t<\/div>\n\t\t\t\t<\/div>\n\t\t<div class=\"elementor-element elementor-element-f19b36a e-flex e-con-boxed e-con e-parent\" data-id=\"f19b36a\" data-element_type=\"container\" data-e-type=\"container\" data-settings=\"{&quot;background_background&quot;:&quot;classic&quot;}\">\n\t\t\t\t\t<div class=\"e-con-inner\">\n\t\t\t\t<div class=\"elementor-element elementor-element-74e84d5 elementor-widget elementor-widget-heading\" data-id=\"74e84d5\" data-element_type=\"widget\" data-e-type=\"widget\" data-widget_type=\"heading.default\">\n\t\t\t\t<div class=\"elementor-widget-container\">\n\t\t\t\t\t<h4 class=\"elementor-heading-title elementor-size-default\">3. Okres przechowywania danych<\/h4>\t\t\t\t<\/div>\n\t\t\t\t<\/div>\n\t\t\t\t<div class=\"elementor-element elementor-element-3341a76 elementor-widget elementor-widget-text-editor\" data-id=\"3341a76\" data-element_type=\"widget\" data-e-type=\"widget\" data-widget_type=\"text-editor.default\">\n\t\t\t\t<div class=\"elementor-widget-container\">\n\t\t\t\t\t\t\t\t\t<p>Dane b\u0119d\u0105 przechowywane przez okres niezb\u0119dny do realizacji i rozliczenia us\u0142ug prawnych, uzale\u017cniony od rodzaju dokonywanych czynno\u015bci i zastosowanych procedur s\u0105dowych lub administracyjnych.\u00a0 Po tym czasie przechowywane b\u0119d\u0105 przez okres kolejnych 6 lat liczonych od ko\u0144ca roku kalendarzowego, w kt\u00f3rym zosta\u0142a rozliczona zawarta z Pani\u0105\/Panem umowa, jedynie te dane osobowe, kt\u00f3re s\u0105 niezb\u0119dne do dokonania rozliczania takich um\u00f3w.<\/p>\t\t\t\t\t\t\t\t<\/div>\n\t\t\t\t<\/div>\n\t\t\t\t\t<\/div>\n\t\t\t\t<\/div>\n\t\t<div class=\"elementor-element elementor-element-f315801 e-flex e-con-boxed e-con e-parent\" data-id=\"f315801\" data-element_type=\"container\" data-e-type=\"container\">\n\t\t\t\t\t<div class=\"e-con-inner\">\n\t\t\t\t<div class=\"elementor-element elementor-element-42b41a6 elementor-widget__width-initial elementor-widget-divider--view-line elementor-widget elementor-widget-divider\" data-id=\"42b41a6\" data-element_type=\"widget\" data-e-type=\"widget\" data-widget_type=\"divider.default\">\n\t\t\t\t<div class=\"elementor-widget-container\">\n\t\t\t\t\t\t\t<div class=\"elementor-divider\">\n\t\t\t<span class=\"elementor-divider-separator\">\n\t\t\t\t\t\t<\/span>\n\t\t<\/div>\n\t\t\t\t\t\t<\/div>\n\t\t\t\t<\/div>\n\t\t\t\t\t<\/div>\n\t\t\t\t<\/div>\n\t\t<div class=\"elementor-element elementor-element-9248ff8 e-flex e-con-boxed e-con e-parent\" data-id=\"9248ff8\" data-element_type=\"container\" data-e-type=\"container\" data-settings=\"{&quot;background_background&quot;:&quot;classic&quot;}\">\n\t\t\t\t\t<div class=\"e-con-inner\">\n\t\t\t\t<div class=\"elementor-element elementor-element-b415b28 elementor-widget elementor-widget-heading\" data-id=\"b415b28\" data-element_type=\"widget\" data-e-type=\"widget\" data-widget_type=\"heading.default\">\n\t\t\t\t<div class=\"elementor-widget-container\">\n\t\t\t\t\t<h4 class=\"elementor-heading-title elementor-size-default\">4. Odbiorcy danych<\/h4>\t\t\t\t<\/div>\n\t\t\t\t<\/div>\n\t\t\t\t<div class=\"elementor-element elementor-element-052c2e4 elementor-widget elementor-widget-text-editor\" data-id=\"052c2e4\" data-element_type=\"widget\" data-e-type=\"widget\" data-widget_type=\"text-editor.default\">\n\t\t\t\t<div class=\"elementor-widget-container\">\n\t\t\t\t\t\t\t\t\t<p data-start=\"1613\" data-end=\"1685\">Dane mog\u0105 by\u0107 udost\u0119pniane w niezb\u0119dnym zakresie nast\u0119puj\u0105cym podmiotom:<\/p><ul><li><p>organom s\u0105dowym i administracyjnym, w tym organom egzekucyjnym i notariuszom, w zakresie niezb\u0119dnym do przeprowadzenia przed nimi procedur prawnych z Pa\u0144stwa udzia\u0142em,<\/p><\/li><li><p>stronom post\u0119powa\u0144 s\u0105dowych i administracyjnych, w tym tak\u017ce dzia\u0142a\u0144 poprzedzaj\u0105cych takie post\u0119powania, prowadzonych z Pa\u0144stwa udzia\u0142em, oraz ich pe\u0142nomocnikom,<\/p><\/li><li><p>stronom planowanych i realizowanych z Pa\u0144stwa udzia\u0142em czynno\u015bci prawnych, oraz ich pe\u0142nomocnikom,<\/p><\/li><li><p>bieg\u0142ym, rzeczoznawcom, t\u0142umaczom, \u015bwiadkom i innym osobom i instytucjom, zaanga\u017cowanym w procedurach i czynno\u015bciach opisanych powy\u017cej,<\/p><\/li><li><p>prawnikom i pracownikom kancelarii prawnych, z kt\u00f3rymi ADO wsp\u00f3\u0142pracuje, w zakresie niezb\u0119dnym do udzielenie przez nich pomocy ADO w czynno\u015bciach i procedurach opisanych wy\u017cej,<\/p><\/li><li><p>podmiotom, z kt\u00f3rymi wi\u0105\u017ce lub wi\u0105za\u0142 Pa\u0144stwa jaki\u015b stosunek prawny, kt\u00f3ry jest podstaw\u0105 zlecenia ADO wykonania us\u0142ug prawniczych,<\/p><\/li><li>zak\u0142adom ubezpieczeniowym oraz agentom takich zak\u0142ad\u00f3w i brokerom ubezpieczeniowym, a tak\u017ce likwidatorom szk\u00f3d, w zakresie niezb\u0119dnym do rozliczenia um\u00f3w ubezpiecze\u0144 maj\u0105tkowych i osobowych.<\/li><\/ul>\t\t\t\t\t\t\t\t<\/div>\n\t\t\t\t<\/div>\n\t\t\t\t\t<\/div>\n\t\t\t\t<\/div>\n\t\t<div class=\"elementor-element elementor-element-a6f75c9 e-flex e-con-boxed e-con e-parent\" data-id=\"a6f75c9\" data-element_type=\"container\" data-e-type=\"container\">\n\t\t\t\t\t<div class=\"e-con-inner\">\n\t\t\t\t<div class=\"elementor-element elementor-element-97ad455 elementor-widget__width-initial elementor-widget-divider--view-line elementor-widget elementor-widget-divider\" data-id=\"97ad455\" data-element_type=\"widget\" data-e-type=\"widget\" data-widget_type=\"divider.default\">\n\t\t\t\t<div class=\"elementor-widget-container\">\n\t\t\t\t\t\t\t<div class=\"elementor-divider\">\n\t\t\t<span class=\"elementor-divider-separator\">\n\t\t\t\t\t\t<\/span>\n\t\t<\/div>\n\t\t\t\t\t\t<\/div>\n\t\t\t\t<\/div>\n\t\t\t\t\t<\/div>\n\t\t\t\t<\/div>\n\t\t<div class=\"elementor-element elementor-element-7ba6a1f e-flex e-con-boxed e-con e-parent\" data-id=\"7ba6a1f\" data-element_type=\"container\" data-e-type=\"container\" data-settings=\"{&quot;background_background&quot;:&quot;classic&quot;}\">\n\t\t\t\t\t<div class=\"e-con-inner\">\n\t\t\t\t<div class=\"elementor-element elementor-element-cc013a6 elementor-widget elementor-widget-heading\" data-id=\"cc013a6\" data-element_type=\"widget\" data-e-type=\"widget\" data-widget_type=\"heading.default\">\n\t\t\t\t<div class=\"elementor-widget-container\">\n\t\t\t\t\t<h4 class=\"elementor-heading-title elementor-size-default\">5. Prawa os\u00f3b, kt\u00f3rych dane dotycz\u0105<\/h4>\t\t\t\t<\/div>\n\t\t\t\t<\/div>\n\t\t\t\t<div class=\"elementor-element elementor-element-d3bb50c elementor-widget elementor-widget-text-editor\" data-id=\"d3bb50c\" data-element_type=\"widget\" data-e-type=\"widget\" data-widget_type=\"text-editor.default\">\n\t\t\t\t<div class=\"elementor-widget-container\">\n\t\t\t\t\t\t\t\t\t<p data-start=\"2111\" data-end=\"2140\">Przys\u0142uguje Pa\u0144stwu prawo do:<\/p><ul><li><p>prawo dost\u0119pu do swoich danych oraz otrzymania kopi, prawo do usuni\u0119cia i ograniczenia w zakresie nie naruszaj\u0105cym prawnych obowi\u0105zk\u00f3w ADO, a tak\u017ce sprostowania informacji wobec przetwarzania danych osobowych \u2013 art. 13 ust. 2 lit. b RODO,<\/p><\/li><li><p>prawo do cofni\u0119cia zgody na przetwarzanie w\u0142asnych danych osobowych, jednak\u017ce cofniecie zgody nie b\u0119dzie mia\u0142o wp\u0142ywu na przetwarzanie danych osobowych, na kt\u00f3re wyra\u017cono zgod\u0119 przed jej wycofaniem,<\/p><\/li><li><p>prawo do wniesienia sprzeciwu wobec przetwarzania danych osobowych \u2013 dane osobowe po wniesieniu sprzeciwu nie b\u0119d\u0105 przetwarzane przez administratora danych osobowych za wyj\u0105tkiem sytuacji, w kt\u00f3rych administrator danych osobowych wyka\u017ce, i\u017c przetwarzanie danych osobowych b\u0119dzie mia\u0142o wa\u017cne prawnie uzasadnione podstawy, kt\u00f3re s\u0105 nadrz\u0119dne wobec Pani\/Pana interes\u00f3w, praw oraz wolno\u015bci lub przetwarzanie danych osobowych b\u0119dzie konieczne do ewentualnego ustalenia dochodzenia lub obrony roszcze\u0144 \u2013 art. 13 ust. 2 lit. b RODO,<\/p><\/li><li><p>wniesienia skargi do Prezesa Urz\u0119du Ochrony Danych Osobowych.<\/p><\/li><\/ul>\t\t\t\t\t\t\t\t<\/div>\n\t\t\t\t<\/div>\n\t\t\t\t\t<\/div>\n\t\t\t\t<\/div>\n\t\t<div class=\"elementor-element elementor-element-7e1a0bb e-flex e-con-boxed e-con e-parent\" data-id=\"7e1a0bb\" data-element_type=\"container\" data-e-type=\"container\">\n\t\t\t\t\t<div class=\"e-con-inner\">\n\t\t\t\t<div class=\"elementor-element elementor-element-729a689 elementor-widget__width-initial elementor-widget-divider--view-line elementor-widget elementor-widget-divider\" data-id=\"729a689\" data-element_type=\"widget\" data-e-type=\"widget\" data-widget_type=\"divider.default\">\n\t\t\t\t<div class=\"elementor-widget-container\">\n\t\t\t\t\t\t\t<div class=\"elementor-divider\">\n\t\t\t<span class=\"elementor-divider-separator\">\n\t\t\t\t\t\t<\/span>\n\t\t<\/div>\n\t\t\t\t\t\t<\/div>\n\t\t\t\t<\/div>\n\t\t\t\t\t<\/div>\n\t\t\t\t<\/div>\n\t\t<div class=\"elementor-element elementor-element-fe0dfe1 e-flex e-con-boxed e-con e-parent\" data-id=\"fe0dfe1\" data-element_type=\"container\" data-e-type=\"container\" data-settings=\"{&quot;background_background&quot;:&quot;classic&quot;}\">\n\t\t\t\t\t<div class=\"e-con-inner\">\n\t\t\t\t<div class=\"elementor-element elementor-element-8d3be4a elementor-widget elementor-widget-heading\" data-id=\"8d3be4a\" data-element_type=\"widget\" data-e-type=\"widget\" data-widget_type=\"heading.default\">\n\t\t\t\t<div class=\"elementor-widget-container\">\n\t\t\t\t\t<h4 class=\"elementor-heading-title elementor-size-default\">6. Zautomatyzowane przetwarzanie<\/h4>\t\t\t\t<\/div>\n\t\t\t\t<\/div>\n\t\t\t\t<div class=\"elementor-element elementor-element-53d43c4 elementor-widget elementor-widget-text-editor\" data-id=\"53d43c4\" data-element_type=\"widget\" data-e-type=\"widget\" data-widget_type=\"text-editor.default\">\n\t\t\t\t<div class=\"elementor-widget-container\">\n\t\t\t\t\t\t\t\t\t<p>Dane nie podlegaj\u0105 zautomatyzowanemu podejmowaniu decyzji ani profilowaniu.<\/p>\t\t\t\t\t\t\t\t<\/div>\n\t\t\t\t<\/div>\n\t\t\t\t\t<\/div>\n\t\t\t\t<\/div>\n\t\t<div class=\"elementor-element elementor-element-fb17440 e-flex e-con-boxed e-con e-parent\" data-id=\"fb17440\" data-element_type=\"container\" data-e-type=\"container\">\n\t\t\t\t\t<div class=\"e-con-inner\">\n\t\t\t\t<div class=\"elementor-element elementor-element-137fa57 elementor-widget__width-initial elementor-widget-divider--view-line elementor-widget elementor-widget-divider\" data-id=\"137fa57\" data-element_type=\"widget\" data-e-type=\"widget\" data-widget_type=\"divider.default\">\n\t\t\t\t<div class=\"elementor-widget-container\">\n\t\t\t\t\t\t\t<div class=\"elementor-divider\">\n\t\t\t<span class=\"elementor-divider-separator\">\n\t\t\t\t\t\t<\/span>\n\t\t<\/div>\n\t\t\t\t\t\t<\/div>\n\t\t\t\t<\/div>\n\t\t\t\t\t<\/div>\n\t\t\t\t<\/div>\n\t\t<div class=\"elementor-element elementor-element-8f727d9 e-flex e-con-boxed e-con e-parent\" data-id=\"8f727d9\" data-element_type=\"container\" data-e-type=\"container\" data-settings=\"{&quot;background_background&quot;:&quot;classic&quot;}\">\n\t\t\t\t\t<div class=\"e-con-inner\">\n\t\t\t\t<div class=\"elementor-element elementor-element-8086b83 elementor-widget elementor-widget-heading\" data-id=\"8086b83\" data-element_type=\"widget\" data-e-type=\"widget\" data-widget_type=\"heading.default\">\n\t\t\t\t<div class=\"elementor-widget-container\">\n\t\t\t\t\t<h4 class=\"elementor-heading-title elementor-size-default\">7. Dobrowolno\u015b\u0107 podania danych<\/h4>\t\t\t\t<\/div>\n\t\t\t\t<\/div>\n\t\t\t\t<div class=\"elementor-element elementor-element-2c02e04 elementor-widget elementor-widget-text-editor\" data-id=\"2c02e04\" data-element_type=\"widget\" data-e-type=\"widget\" data-widget_type=\"text-editor.default\">\n\t\t\t\t<div class=\"elementor-widget-container\">\n\t\t\t\t\t\t\t\t\t<p>Podanie danych osobowych jest dobrowolne, lecz przetwarzanie danych osobowych jest niezb\u0119dne do zawarcia, realizacji i rozliczenia zawartych z Pa\u0144stwem um\u00f3w, lub przeprowadzenia czynno\u015bci zmierzaj\u0105cych do ich zawarcia.<\/p>\t\t\t\t\t\t\t\t<\/div>\n\t\t\t\t<\/div>\n\t\t\t\t\t<\/div>\n\t\t\t\t<\/div>\n\t\t<div class=\"elementor-element elementor-element-25f6c23 e-flex e-con-boxed e-con e-parent\" data-id=\"25f6c23\" data-element_type=\"container\" data-e-type=\"container\">\n\t\t\t\t\t<div class=\"e-con-inner\">\n\t\t\t\t<div class=\"elementor-element elementor-element-4da15217 elementor-widget elementor-widget-text-editor\" data-id=\"4da15217\" data-element_type=\"widget\" data-e-type=\"widget\" data-widget_type=\"text-editor.default\">\n\t\t\t\t<div class=\"elementor-widget-container\">\n\t\t\t\t\t\t\t\t\t<p>\u00a9 2025 Kancelarie Radc\u00f3w Prawnych Jacek Hajduk Dominik Matli\u0144ski<\/p>\t\t\t\t\t\t\t\t<\/div>\n\t\t\t\t<\/div>\n\t\t\t\t\t<\/div>\n\t\t\t\t<\/div>\n\t\t\t\t<\/div>\n\t\t","protected":false},"excerpt":{"rendered":"<p>Klauzula informacyjna dla os\u00f3b, kt\u00f3rych dane s\u0105 przez nas przetwarzane Na podstawie art. 13 ust. 1\u20132 Rozporz\u0105dzenia Parlamentu Europejskiego i Rady (UE) 2016\/679 z dnia 27 kwietnia 2016 r. w sprawie ochrony os\u00f3b fizycznych w zwi\u0105zku z przetwarzaniem danych osobowych i w sprawie swobodnego przep\u0142ywu takich danych (RODO) informujemy, \u017ce: 1. Administrator danych osobowych Wsp\u00f3\u0142administratorami &#8230; <a title=\"Polityka ochrony danych osobowych\" class=\"read-more\" href=\"https:\/\/prawnikzielonagora.pl\/?page_id=347\" aria-label=\"Read more about Polityka ochrony danych osobowych\">Read more<\/a><\/p>\n","protected":false},"author":1,"featured_media":0,"parent":0,"menu_order":0,"comment_status":"closed","ping_status":"closed","template":"","meta":{"footnotes":""},"class_list":["post-347","page","type-page","status-publish"],"_links":{"self":[{"href":"https:\/\/prawnikzielonagora.pl\/index.php?rest_route=\/wp\/v2\/pages\/347","targetHints":{"allow":["GET"]}}],"collection":[{"href":"https:\/\/prawnikzielonagora.pl\/index.php?rest_route=\/wp\/v2\/pages"}],"about":[{"href":"https:\/\/prawnikzielonagora.pl\/index.php?rest_route=\/wp\/v2\/types\/page"}],"author":[{"embeddable":true,"href":"https:\/\/prawnikzielonagora.pl\/index.php?rest_route=\/wp\/v2\/users\/1"}],"replies":[{"embeddable":true,"href":"https:\/\/prawnikzielonagora.pl\/index.php?rest_route=%2Fwp%2Fv2%2Fcomments&post=347"}],"version-history":[{"count":55,"href":"https:\/\/prawnikzielonagora.pl\/index.php?rest_route=\/wp\/v2\/pages\/347\/revisions"}],"predecessor-version":[{"id":566,"href":"https:\/\/prawnikzielonagora.pl\/index.php?rest_route=\/wp\/v2\/pages\/347\/revisions\/566"}],"wp:attachment":[{"href":"https:\/\/prawnikzielonagora.pl\/index.php?rest_route=%2Fwp%2Fv2%2Fmedia&parent=347"}],"curies":[{"name":"wp","href":"https:\/\/api.w.org\/{rel}","templated":true}]}}