{"id":221,"date":"2025-05-30T10:23:27","date_gmt":"2025-05-30T08:23:27","guid":{"rendered":"https:\/\/prawnikzielonagora.pl\/?page_id=221"},"modified":"2026-02-06T15:38:39","modified_gmt":"2026-02-06T14:38:39","slug":"inne-dziedziny-prawa","status":"publish","type":"page","link":"https:\/\/prawnikzielonagora.pl\/?page_id=221","title":{"rendered":"Inne dziedziny prawa"},"content":{"rendered":"\t\t<div data-elementor-type=\"wp-page\" data-elementor-id=\"221\" class=\"elementor elementor-221\">\n\t\t\t\t<div class=\"elementor-element elementor-element-8aa668f e-flex e-con-boxed e-con e-parent\" data-id=\"8aa668f\" data-element_type=\"container\" data-e-type=\"container\" data-settings=\"{&quot;background_background&quot;:&quot;classic&quot;}\">\n\t\t\t\t\t<div class=\"e-con-inner\">\n\t\t\t\t<div class=\"elementor-element elementor-element-8a0d16c elementor-widget elementor-widget-heading\" data-id=\"8a0d16c\" data-element_type=\"widget\" data-e-type=\"widget\" data-widget_type=\"heading.default\">\n\t\t\t\t<div class=\"elementor-widget-container\">\n\t\t\t\t\t<h2 class=\"elementor-heading-title elementor-size-default\">\ud83e\udde9 Inne dziedziny prawa<\/h2>\t\t\t\t<\/div>\n\t\t\t\t<\/div>\n\t\t\t\t<div class=\"elementor-element elementor-element-b0fdbd6 elementor-widget elementor-widget-text-editor\" data-id=\"b0fdbd6\" data-element_type=\"widget\" data-e-type=\"widget\" data-widget_type=\"text-editor.default\">\n\t\t\t\t<div class=\"elementor-widget-container\">\n\t\t\t\t\t\t\t\t\t<p data-start=\"1430\" data-end=\"1599\">\u015awiadczymy r\u00f3wnie\u017c kompleksow\u0105 pomoc prawn\u0105 w szeregu dodatkowych dziedzin, odpowiadaj\u0105c na indywidualne potrzeby naszych klient\u00f3w \u2013 zar\u00f3wno os\u00f3b fizycznych, jak i firm.<\/p><h4 data-start=\"1601\" data-end=\"1637\">\ud83d\udd39 Zakres us\u0142ug obejmuje m.in.:<\/h4><p><img fetchpriority=\"high\" decoding=\"async\" class=\"wp-image-259 alignright\" src=\"https:\/\/prawnikzielonagora.pl\/wp-content\/uploads\/2025\/05\/nordwood-themes-kRNZiGKtz48-unsplash-300x200.jpg\" alt=\"\" width=\"350\" height=\"233\" srcset=\"https:\/\/prawnikzielonagora.pl\/wp-content\/uploads\/2025\/05\/nordwood-themes-kRNZiGKtz48-unsplash-300x200.jpg 300w, https:\/\/prawnikzielonagora.pl\/wp-content\/uploads\/2025\/05\/nordwood-themes-kRNZiGKtz48-unsplash-1024x683.jpg 1024w, https:\/\/prawnikzielonagora.pl\/wp-content\/uploads\/2025\/05\/nordwood-themes-kRNZiGKtz48-unsplash-768x512.jpg 768w, https:\/\/prawnikzielonagora.pl\/wp-content\/uploads\/2025\/05\/nordwood-themes-kRNZiGKtz48-unsplash-1536x1024.jpg 1536w, https:\/\/prawnikzielonagora.pl\/wp-content\/uploads\/2025\/05\/nordwood-themes-kRNZiGKtz48-unsplash-2048x1365.jpg 2048w\" sizes=\"(max-width: 350px) 100vw, 350px\" \/><\/p><ul><li data-start=\"1640\" data-end=\"1827\"><strong data-start=\"1640\" data-end=\"1659\">Prawo podatkowe<\/strong> \u2013 doradztwo w zakresie interpretacji przepis\u00f3w podatkowych, przygotowanie odwo\u0142a\u0144 od decyzji organ\u00f3w skarbowych, reprezentacja przed organami administracji skarbowej i WSA,<\/li><li><strong data-start=\"1830\" data-end=\"1871\">Prawo pracy i ubezpiecze\u0144 spo\u0142ecznych<\/strong> \u2013 wsparcie w sporach z pracodawc\u0105 lub ZUS, opracowywanie regulamin\u00f3w pracy, doradztwo w umowach o prac\u0119, zwolnieniach, mobbingu,<\/li><li data-start=\"2003\" data-end=\"2141\"><strong data-start=\"2003\" data-end=\"2023\">Prawo przewozowe<\/strong> \u2013 obs\u0142uga prawna firm transportowych, dochodzenie roszcze\u0144 z tytu\u0142u szk\u00f3d w transporcie, interpretacja przepis\u00f3w CMR,<\/li><li data-start=\"2144\" data-end=\"2289\"><strong data-start=\"2144\" data-end=\"2188\">Prawo autorskie i w\u0142asno\u015b\u0107 intelektualna<\/strong> \u2013 ochrona praw tw\u00f3rc\u00f3w i przedsi\u0119biorc\u00f3w, umowy licencyjne, naruszenia praw autorskich w internecie,<\/li><li data-start=\"2290\" data-end=\"2427\"><p data-start=\"2292\" data-end=\"2427\"><strong data-start=\"2292\" data-end=\"2329\">Prawo sp\u00f3\u0142dzielcze i mieszkaniowe<\/strong> \u2013 reprezentacja cz\u0142onk\u00f3w sp\u00f3\u0142dzielni, interpretacja statut\u00f3w, pomoc w sporach dotycz\u0105cych lokali.<\/p><\/li><\/ul><p data-start=\"2429\" data-end=\"2603\">Nasza kancelaria elastycznie dostosowuje si\u0119 do potrzeb klienta \u2013 niezale\u017cnie od dziedziny prawa zapewniamy rzeczow\u0105 analiz\u0119 sprawy, jasne rekomendacje i skuteczne dzia\u0142ania.<\/p>\t\t\t\t\t\t\t\t<\/div>\n\t\t\t\t<\/div>\n\t\t\t\t\t<\/div>\n\t\t\t\t<\/div>\n\t\t<div class=\"elementor-element elementor-element-7237282c e-flex e-con-boxed e-con e-parent\" data-id=\"7237282c\" data-element_type=\"container\" data-e-type=\"container\">\n\t\t\t\t\t<div class=\"e-con-inner\">\n\t\t\t\t<div class=\"elementor-element elementor-element-78504160 elementor-widget elementor-widget-text-editor\" data-id=\"78504160\" data-element_type=\"widget\" data-e-type=\"widget\" data-widget_type=\"text-editor.default\">\n\t\t\t\t<div class=\"elementor-widget-container\">\n\t\t\t\t\t\t\t\t\t<p>\u00a9 2025 Kancelarie Radc\u00f3w Prawnych Jacek Hajduk Dominik Matli\u0144ski<\/p>\t\t\t\t\t\t\t\t<\/div>\n\t\t\t\t<\/div>\n\t\t\t\t\t<\/div>\n\t\t\t\t<\/div>\n\t\t\t\t<\/div>\n\t\t","protected":false},"excerpt":{"rendered":"<p>\ud83e\udde9 Inne dziedziny prawa \u015awiadczymy r\u00f3wnie\u017c kompleksow\u0105 pomoc prawn\u0105 w szeregu dodatkowych dziedzin, odpowiadaj\u0105c na indywidualne potrzeby naszych klient\u00f3w \u2013 zar\u00f3wno os\u00f3b fizycznych, jak i firm. \ud83d\udd39 Zakres us\u0142ug obejmuje m.in.: Prawo podatkowe \u2013 doradztwo w zakresie interpretacji przepis\u00f3w podatkowych, przygotowanie odwo\u0142a\u0144 od decyzji organ\u00f3w skarbowych, reprezentacja przed organami administracji skarbowej i WSA, Prawo pracy &#8230; <a title=\"Inne dziedziny prawa\" class=\"read-more\" href=\"https:\/\/prawnikzielonagora.pl\/?page_id=221\" aria-label=\"Read more about Inne dziedziny prawa\">Read more<\/a><\/p>\n","protected":false},"author":1,"featured_media":0,"parent":0,"menu_order":0,"comment_status":"closed","ping_status":"closed","template":"","meta":{"footnotes":""},"class_list":["post-221","page","type-page","status-publish"],"_links":{"self":[{"href":"https:\/\/prawnikzielonagora.pl\/index.php?rest_route=\/wp\/v2\/pages\/221","targetHints":{"allow":["GET"]}}],"collection":[{"href":"https:\/\/prawnikzielonagora.pl\/index.php?rest_route=\/wp\/v2\/pages"}],"about":[{"href":"https:\/\/prawnikzielonagora.pl\/index.php?rest_route=\/wp\/v2\/types\/page"}],"author":[{"embeddable":true,"href":"https:\/\/prawnikzielonagora.pl\/index.php?rest_route=\/wp\/v2\/users\/1"}],"replies":[{"embeddable":true,"href":"https:\/\/prawnikzielonagora.pl\/index.php?rest_route=%2Fwp%2Fv2%2Fcomments&post=221"}],"version-history":[{"count":19,"href":"https:\/\/prawnikzielonagora.pl\/index.php?rest_route=\/wp\/v2\/pages\/221\/revisions"}],"predecessor-version":[{"id":569,"href":"https:\/\/prawnikzielonagora.pl\/index.php?rest_route=\/wp\/v2\/pages\/221\/revisions\/569"}],"wp:attachment":[{"href":"https:\/\/prawnikzielonagora.pl\/index.php?rest_route=%2Fwp%2Fv2%2Fmedia&parent=221"}],"curies":[{"name":"wp","href":"https:\/\/api.w.org\/{rel}","templated":true}]}}