{"id":219,"date":"2025-05-30T10:23:08","date_gmt":"2025-05-30T08:23:08","guid":{"rendered":"https:\/\/prawnikzielonagora.pl\/?page_id=219"},"modified":"2026-02-06T15:39:08","modified_gmt":"2026-02-06T14:39:08","slug":"prawo-administracyjne","status":"publish","type":"page","link":"https:\/\/prawnikzielonagora.pl\/?page_id=219","title":{"rendered":"Prawo administracyjne"},"content":{"rendered":"\t\t<div data-elementor-type=\"wp-page\" data-elementor-id=\"219\" class=\"elementor elementor-219\">\n\t\t\t\t<div class=\"elementor-element elementor-element-088b042 e-flex e-con-boxed e-con e-parent\" data-id=\"088b042\" data-element_type=\"container\" data-e-type=\"container\" data-settings=\"{&quot;background_background&quot;:&quot;classic&quot;}\">\n\t\t\t\t\t<div class=\"e-con-inner\">\n\t\t\t\t<div class=\"elementor-element elementor-element-7c2383a elementor-widget elementor-widget-heading\" data-id=\"7c2383a\" data-element_type=\"widget\" data-e-type=\"widget\" data-widget_type=\"heading.default\">\n\t\t\t\t<div class=\"elementor-widget-container\">\n\t\t\t\t\t<h2 class=\"elementor-heading-title elementor-size-default\">\ud83c\udfdb\ufe0f Prawo administracyjne<\/h2>\t\t\t\t<\/div>\n\t\t\t\t<\/div>\n\t\t\t\t<div class=\"elementor-element elementor-element-52e94c4 elementor-widget elementor-widget-text-editor\" data-id=\"52e94c4\" data-element_type=\"widget\" data-e-type=\"widget\" data-widget_type=\"text-editor.default\">\n\t\t\t\t<div class=\"elementor-widget-container\">\n\t\t\t\t\t\t\t\t\t<p data-start=\"412\" data-end=\"661\">Prawo administracyjne reguluje relacje mi\u0119dzy obywatelami a organami administracji publicznej. Reprezentujemy naszych klient\u00f3w w post\u0119powaniach przed urz\u0119dami oraz s\u0105dami administracyjnymi, dbaj\u0105c o ich prawa w kontaktach z instytucjami publicznymi.<\/p><h4 data-start=\"663\" data-end=\"696\">\ud83d\udd39 Zakres wsparcia obejmuje:<\/h4><p><img fetchpriority=\"high\" decoding=\"async\" class=\"alignright wp-image-258\" src=\"https:\/\/prawnikzielonagora.pl\/wp-content\/uploads\/2025\/05\/mari-helin-ilSnKT1IMxE-unsplash-300x200.jpg\" alt=\"\" width=\"350\" height=\"233\" srcset=\"https:\/\/prawnikzielonagora.pl\/wp-content\/uploads\/2025\/05\/mari-helin-ilSnKT1IMxE-unsplash-300x200.jpg 300w, https:\/\/prawnikzielonagora.pl\/wp-content\/uploads\/2025\/05\/mari-helin-ilSnKT1IMxE-unsplash-1024x682.jpg 1024w, https:\/\/prawnikzielonagora.pl\/wp-content\/uploads\/2025\/05\/mari-helin-ilSnKT1IMxE-unsplash-768x512.jpg 768w, https:\/\/prawnikzielonagora.pl\/wp-content\/uploads\/2025\/05\/mari-helin-ilSnKT1IMxE-unsplash-1536x1024.jpg 1536w, https:\/\/prawnikzielonagora.pl\/wp-content\/uploads\/2025\/05\/mari-helin-ilSnKT1IMxE-unsplash-2048x1365.jpg 2048w\" sizes=\"(max-width: 350px) 100vw, 350px\" \/><\/p><ul><li data-start=\"699\" data-end=\"796\">reprezentacj\u0119 w post\u0119powaniach administracyjnych (np. budowlanych, \u015brodowiskowych),<\/li><li data-start=\"799\" data-end=\"890\">sporz\u0105dzanie i sk\u0142adanie odwo\u0142a\u0144, za\u017cale\u0144 oraz skarg do s\u0105d\u00f3w administracyjnych (WSA, NSA),<\/li><li data-start=\"893\" data-end=\"986\">doradztwo w zakresie decyzji administracyjnych i zezwole\u0144 (np. koncesji, pozwole\u0144 na budow\u0119),<\/li><li data-start=\"1086\" data-end=\"1184\"><p data-start=\"1088\" data-end=\"1184\">pomoc w sprawach dotycz\u0105cych dost\u0119pu do informacji publicznej i ochrony danych osobowych (RODO).<\/p><\/li><\/ul><p data-start=\"1186\" data-end=\"1391\">Skutecznie pomagamy w sytuacjach, w kt\u00f3rych obywatel musi zmierzy\u0107 si\u0119 z aparatem administracyjnym. Nasze wsparcie obejmuje zar\u00f3wno dzia\u0142ania prewencyjne, jak i reprezentacj\u0119 na ka\u017cdym etapie post\u0119powania.<\/p>\t\t\t\t\t\t\t\t<\/div>\n\t\t\t\t<\/div>\n\t\t\t\t\t<\/div>\n\t\t\t\t<\/div>\n\t\t<div class=\"elementor-element elementor-element-7778a048 e-flex e-con-boxed e-con e-parent\" data-id=\"7778a048\" data-element_type=\"container\" data-e-type=\"container\">\n\t\t\t\t\t<div class=\"e-con-inner\">\n\t\t\t\t<div class=\"elementor-element elementor-element-74b0e2da elementor-widget elementor-widget-text-editor\" data-id=\"74b0e2da\" data-element_type=\"widget\" data-e-type=\"widget\" data-widget_type=\"text-editor.default\">\n\t\t\t\t<div class=\"elementor-widget-container\">\n\t\t\t\t\t\t\t\t\t<p>\u00a9 2025 Kancelarie Radc\u00f3w Prawnych Jacek Hajduk Dominik Matli\u0144ski<\/p>\t\t\t\t\t\t\t\t<\/div>\n\t\t\t\t<\/div>\n\t\t\t\t\t<\/div>\n\t\t\t\t<\/div>\n\t\t\t\t<\/div>\n\t\t","protected":false},"excerpt":{"rendered":"<p>\ud83c\udfdb\ufe0f Prawo administracyjne Prawo administracyjne reguluje relacje mi\u0119dzy obywatelami a organami administracji publicznej. Reprezentujemy naszych klient\u00f3w w post\u0119powaniach przed urz\u0119dami oraz s\u0105dami administracyjnymi, dbaj\u0105c o ich prawa w kontaktach z instytucjami publicznymi. \ud83d\udd39 Zakres wsparcia obejmuje: reprezentacj\u0119 w post\u0119powaniach administracyjnych (np. budowlanych, \u015brodowiskowych), sporz\u0105dzanie i sk\u0142adanie odwo\u0142a\u0144, za\u017cale\u0144 oraz skarg do s\u0105d\u00f3w administracyjnych (WSA, NSA), &#8230; <a title=\"Prawo administracyjne\" class=\"read-more\" href=\"https:\/\/prawnikzielonagora.pl\/?page_id=219\" aria-label=\"Read more about Prawo administracyjne\">Read more<\/a><\/p>\n","protected":false},"author":1,"featured_media":0,"parent":0,"menu_order":0,"comment_status":"closed","ping_status":"closed","template":"","meta":{"footnotes":""},"class_list":["post-219","page","type-page","status-publish"],"_links":{"self":[{"href":"https:\/\/prawnikzielonagora.pl\/index.php?rest_route=\/wp\/v2\/pages\/219","targetHints":{"allow":["GET"]}}],"collection":[{"href":"https:\/\/prawnikzielonagora.pl\/index.php?rest_route=\/wp\/v2\/pages"}],"about":[{"href":"https:\/\/prawnikzielonagora.pl\/index.php?rest_route=\/wp\/v2\/types\/page"}],"author":[{"embeddable":true,"href":"https:\/\/prawnikzielonagora.pl\/index.php?rest_route=\/wp\/v2\/users\/1"}],"replies":[{"embeddable":true,"href":"https:\/\/prawnikzielonagora.pl\/index.php?rest_route=%2Fwp%2Fv2%2Fcomments&post=219"}],"version-history":[{"count":19,"href":"https:\/\/prawnikzielonagora.pl\/index.php?rest_route=\/wp\/v2\/pages\/219\/revisions"}],"predecessor-version":[{"id":572,"href":"https:\/\/prawnikzielonagora.pl\/index.php?rest_route=\/wp\/v2\/pages\/219\/revisions\/572"}],"wp:attachment":[{"href":"https:\/\/prawnikzielonagora.pl\/index.php?rest_route=%2Fwp%2Fv2%2Fmedia&parent=219"}],"curies":[{"name":"wp","href":"https:\/\/api.w.org\/{rel}","templated":true}]}}