{"id":217,"date":"2025-05-30T10:22:36","date_gmt":"2025-05-30T08:22:36","guid":{"rendered":"https:\/\/prawnikzielonagora.pl\/?page_id=217"},"modified":"2026-02-06T15:40:22","modified_gmt":"2026-02-06T14:40:22","slug":"prawo-handlowe","status":"publish","type":"page","link":"https:\/\/prawnikzielonagora.pl\/?page_id=217","title":{"rendered":"Prawo handlowe"},"content":{"rendered":"\t\t<div data-elementor-type=\"wp-page\" data-elementor-id=\"217\" class=\"elementor elementor-217\">\n\t\t\t\t<div class=\"elementor-element elementor-element-138ab42 e-flex e-con-boxed e-con e-parent\" data-id=\"138ab42\" data-element_type=\"container\" data-e-type=\"container\" data-settings=\"{&quot;background_background&quot;:&quot;classic&quot;}\">\n\t\t\t\t\t<div class=\"e-con-inner\">\n\t\t\t\t<div class=\"elementor-element elementor-element-b601b5d elementor-widget elementor-widget-heading\" data-id=\"b601b5d\" data-element_type=\"widget\" data-e-type=\"widget\" data-widget_type=\"heading.default\">\n\t\t\t\t<div class=\"elementor-widget-container\">\n\t\t\t\t\t<h2 class=\"elementor-heading-title elementor-size-default\">\u2696\ufe0f Prawo handlowe<\/h2>\t\t\t\t<\/div>\n\t\t\t\t<\/div>\n\t\t\t\t<div class=\"elementor-element elementor-element-242d590 elementor-widget elementor-widget-text-editor\" data-id=\"242d590\" data-element_type=\"widget\" data-e-type=\"widget\" data-widget_type=\"text-editor.default\">\n\t\t\t\t<div class=\"elementor-widget-container\">\n\t\t\t\t\t\t\t\t\t<p>Prawo handlowe to obszar, w kt\u00f3rym wspieramy przedsi\u0119biorc\u00f3w na ka\u017cdym etapie prowadzenia dzia\u0142alno\u015bci gospodarczej \u2013 od zak\u0142adania firmy, przez codzienne funkcjonowanie, a\u017c po restrukturyzacje czy spory s\u0105dowe.<\/p><p>\ud83d\udd39 <b>Zakres naszej pomocy obejmuje m.in.:<\/b><\/p><p><img fetchpriority=\"high\" decoding=\"async\" class=\"alignright wp-image-303\" src=\"https:\/\/prawnikzielonagora.pl\/wp-content\/uploads\/2025\/06\/aleix-ventayol-yPoM-wmzKMM-unsplash-300x200.jpg\" alt=\"\" width=\"350\" height=\"234\" srcset=\"https:\/\/prawnikzielonagora.pl\/wp-content\/uploads\/2025\/06\/aleix-ventayol-yPoM-wmzKMM-unsplash-300x200.jpg 300w, https:\/\/prawnikzielonagora.pl\/wp-content\/uploads\/2025\/06\/aleix-ventayol-yPoM-wmzKMM-unsplash-1024x683.jpg 1024w, https:\/\/prawnikzielonagora.pl\/wp-content\/uploads\/2025\/06\/aleix-ventayol-yPoM-wmzKMM-unsplash-768x512.jpg 768w, https:\/\/prawnikzielonagora.pl\/wp-content\/uploads\/2025\/06\/aleix-ventayol-yPoM-wmzKMM-unsplash-1536x1025.jpg 1536w, https:\/\/prawnikzielonagora.pl\/wp-content\/uploads\/2025\/06\/aleix-ventayol-yPoM-wmzKMM-unsplash-2048x1366.jpg 2048w\" sizes=\"(max-width: 350px) 100vw, 350px\" \/><\/p><ul><li data-start=\"666\" data-end=\"770\">doradztwo przy zak\u0142adaniu i rejestracji sp\u00f3\u0142ek (z o.o., jawnych, komandytowych),<\/li><li data-start=\"666\" data-end=\"770\">opracowanie i opiniowanie um\u00f3w handlowych,<\/li><li data-start=\"666\" data-end=\"770\">pomoc w przekszta\u0142ceniach sp\u00f3\u0142ek,<\/li><li data-start=\"666\" data-end=\"770\">prowadzenie spraw o odpowiedzialno\u015b\u0107 cz\u0142onk\u00f3w zarz\u0105du (art. 299 KSH),<\/li><li data-start=\"666\" data-end=\"770\">reprezentacj\u0119 w sporach mi\u0119dzy wsp\u00f3lnikami oraz w sprawach o wy\u0142\u0105czenie wsp\u00f3lnika,<\/li><li data-start=\"666\" data-end=\"770\">windykacj\u0119 nale\u017cno\u015bci z faktur i um\u00f3w handlowych,<\/li><li data-start=\"666\" data-end=\"770\">bie\u017c\u0105c\u0105 obs\u0142ug\u0119 prawn\u0105 sp\u00f3\u0142ek i jednoosobowych dzia\u0142alno\u015bci gospodarczych.<\/li><\/ul><p><b>\ud83d\udd39 Oferujemy tak\u017ce:<\/b><\/p><ul><li data-start=\"1225\" data-end=\"1282\">kompleksowe wsparcie prawne przy negocjacjach kontrakt\u00f3w,<\/li><li data-start=\"1285\" data-end=\"1360\">udzia\u0142 w posiedzeniach zarz\u0105d\u00f3w lub zgromadzeniach wsp\u00f3lnik\u00f3w jako doradcy,<\/li><li data-start=\"1363\" data-end=\"1400\">audyty prawne sp\u00f3\u0142ek (due diligence),<\/li><li data-start=\"1401\" data-end=\"1477\"><p data-start=\"1403\" data-end=\"1477\">sporz\u0105dzanie regulamin\u00f3w, polityk prywatno\u015bci i dokument\u00f3w korporacyjnych.<\/p><\/li><\/ul><p data-start=\"1479\" data-end=\"1685\">Naszym celem jest zapewnienie bezpiecze\u0144stwa prawnego i sprawnego dzia\u0142ania firmy. Dostosowujemy rozwi\u0105zania do reali\u00f3w bran\u017cy, w kt\u00f3rej dzia\u0142a klient, uwzgl\u0119dniaj\u0105c zar\u00f3wno aspekty prawne, jak i biznesowe.<\/p>\t\t\t\t\t\t\t\t<\/div>\n\t\t\t\t<\/div>\n\t\t\t\t\t<\/div>\n\t\t\t\t<\/div>\n\t\t<div class=\"elementor-element elementor-element-39218a1e e-flex e-con-boxed e-con e-parent\" data-id=\"39218a1e\" data-element_type=\"container\" data-e-type=\"container\">\n\t\t\t\t\t<div class=\"e-con-inner\">\n\t\t\t\t<div class=\"elementor-element elementor-element-28536f54 elementor-widget elementor-widget-text-editor\" data-id=\"28536f54\" data-element_type=\"widget\" data-e-type=\"widget\" data-widget_type=\"text-editor.default\">\n\t\t\t\t<div class=\"elementor-widget-container\">\n\t\t\t\t\t\t\t\t\t<p>\u00a9 2025 Kancelarie Radc\u00f3w Prawnych Jacek Hajduk Dominik Matli\u0144ski<\/p>\t\t\t\t\t\t\t\t<\/div>\n\t\t\t\t<\/div>\n\t\t\t\t\t<\/div>\n\t\t\t\t<\/div>\n\t\t\t\t<\/div>\n\t\t","protected":false},"excerpt":{"rendered":"<p>\u2696\ufe0f Prawo handlowe Prawo handlowe to obszar, w kt\u00f3rym wspieramy przedsi\u0119biorc\u00f3w na ka\u017cdym etapie prowadzenia dzia\u0142alno\u015bci gospodarczej \u2013 od zak\u0142adania firmy, przez codzienne funkcjonowanie, a\u017c po restrukturyzacje czy spory s\u0105dowe. \ud83d\udd39 Zakres naszej pomocy obejmuje m.in.: doradztwo przy zak\u0142adaniu i rejestracji sp\u00f3\u0142ek (z o.o., jawnych, komandytowych), opracowanie i opiniowanie um\u00f3w handlowych, pomoc w przekszta\u0142ceniach sp\u00f3\u0142ek, &#8230; <a title=\"Prawo handlowe\" class=\"read-more\" href=\"https:\/\/prawnikzielonagora.pl\/?page_id=217\" aria-label=\"Read more about Prawo handlowe\">Read more<\/a><\/p>\n","protected":false},"author":1,"featured_media":0,"parent":0,"menu_order":0,"comment_status":"closed","ping_status":"closed","template":"","meta":{"footnotes":""},"class_list":["post-217","page","type-page","status-publish"],"_links":{"self":[{"href":"https:\/\/prawnikzielonagora.pl\/index.php?rest_route=\/wp\/v2\/pages\/217","targetHints":{"allow":["GET"]}}],"collection":[{"href":"https:\/\/prawnikzielonagora.pl\/index.php?rest_route=\/wp\/v2\/pages"}],"about":[{"href":"https:\/\/prawnikzielonagora.pl\/index.php?rest_route=\/wp\/v2\/types\/page"}],"author":[{"embeddable":true,"href":"https:\/\/prawnikzielonagora.pl\/index.php?rest_route=\/wp\/v2\/users\/1"}],"replies":[{"embeddable":true,"href":"https:\/\/prawnikzielonagora.pl\/index.php?rest_route=%2Fwp%2Fv2%2Fcomments&post=217"}],"version-history":[{"count":19,"href":"https:\/\/prawnikzielonagora.pl\/index.php?rest_route=\/wp\/v2\/pages\/217\/revisions"}],"predecessor-version":[{"id":578,"href":"https:\/\/prawnikzielonagora.pl\/index.php?rest_route=\/wp\/v2\/pages\/217\/revisions\/578"}],"wp:attachment":[{"href":"https:\/\/prawnikzielonagora.pl\/index.php?rest_route=%2Fwp%2Fv2%2Fmedia&parent=217"}],"curies":[{"name":"wp","href":"https:\/\/api.w.org\/{rel}","templated":true}]}}