{"id":212,"date":"2025-05-30T10:09:14","date_gmt":"2025-05-30T08:09:14","guid":{"rendered":"https:\/\/prawnikzielonagora.pl\/?page_id=212"},"modified":"2026-02-06T15:39:59","modified_gmt":"2026-02-06T14:39:59","slug":"prawo-cywilne","status":"publish","type":"page","link":"https:\/\/prawnikzielonagora.pl\/?page_id=212","title":{"rendered":"Prawo cywilne"},"content":{"rendered":"\t\t<div data-elementor-type=\"wp-page\" data-elementor-id=\"212\" class=\"elementor elementor-212\">\n\t\t\t\t<div class=\"elementor-element elementor-element-15378a6 e-flex e-con-boxed e-con e-parent\" data-id=\"15378a6\" data-element_type=\"container\" data-e-type=\"container\" data-settings=\"{&quot;background_background&quot;:&quot;classic&quot;}\">\n\t\t\t\t\t<div class=\"e-con-inner\">\n\t\t\t\t<div class=\"elementor-element elementor-element-4b344fe elementor-widget elementor-widget-heading\" data-id=\"4b344fe\" data-element_type=\"widget\" data-e-type=\"widget\" data-widget_type=\"heading.default\">\n\t\t\t\t<div class=\"elementor-widget-container\">\n\t\t\t\t\t<h2 class=\"elementor-heading-title elementor-size-default\">\u2696\ufe0f Prawo cywilne<\/h2>\t\t\t\t<\/div>\n\t\t\t\t<\/div>\n\t\t\t\t<div class=\"elementor-element elementor-element-6d21766 elementor-widget elementor-widget-text-editor\" data-id=\"6d21766\" data-element_type=\"widget\" data-e-type=\"widget\" data-widget_type=\"text-editor.default\">\n\t\t\t\t<div class=\"elementor-widget-container\">\n\t\t\t\t\t\t\t\t\t<p>Prawo cywilne stanowi jedn\u0105 z kluczowych dziedzin naszej dzia\u0142alno\u015bci. Reprezentujemy klient\u00f3w indywidualnych oraz przedsi\u0119biorc\u00f3w w sprawach maj\u0105tkowych, osobistych i rodzinnych. Pomagamy zar\u00f3wno na etapie przeds\u0105dowym (porady prawne, sporz\u0105dzanie pism, negocjacje), jak i w post\u0119powaniach s\u0105dowych i egzekucyjnych.<\/p><p><img fetchpriority=\"high\" decoding=\"async\" class=\"alignright wp-image-304\" src=\"https:\/\/prawnikzielonagora.pl\/wp-content\/uploads\/2025\/06\/right-4703934_1280-300x200.jpg\" alt=\"\" width=\"350\" height=\"233\" data-wp-editing=\"1\" srcset=\"https:\/\/prawnikzielonagora.pl\/wp-content\/uploads\/2025\/06\/right-4703934_1280-300x200.jpg 300w, https:\/\/prawnikzielonagora.pl\/wp-content\/uploads\/2025\/06\/right-4703934_1280-1024x682.jpg 1024w, https:\/\/prawnikzielonagora.pl\/wp-content\/uploads\/2025\/06\/right-4703934_1280-768x512.jpg 768w, https:\/\/prawnikzielonagora.pl\/wp-content\/uploads\/2025\/06\/right-4703934_1280.jpg 1280w\" sizes=\"(max-width: 350px) 100vw, 350px\" \/><\/p><p>\ud83d\udd39 <b>Zakr<\/b><b>es naszej pomocy obejmuje m.in.:<\/b><\/p><ul><li>dochodzenie roszcze\u0144 z um\u00f3w (np. o dzie\u0142o, najmu, sprzeda\u017cy, zlecenia),<\/li><li>sprawy o zap\u0142at\u0119 i odszkodowanie (np. z tytu\u0142u szk\u00f3d komunikacyjnych, sprawy frankowe),<\/li><li>sprawy spadkowe (stwierdzenie nabycia spadku, dzia\u0142 spadku, zachowek),<\/li><li>sprawy o ochron\u0119 d\u00f3br osobistych (w tym naruszenia w Internecie),<\/li><li>sprawy dotycz\u0105ce zniesienia wsp\u00f3\u0142w\u0142asno\u015bci,<\/li><li>ustanowienie s\u0142u\u017cebno\u015bci (np. drogi koniecznej).<\/li><\/ul><p><b>\ud83d\udd39 Sporz\u0105dzamy i opiniujemy:<\/b><\/p><ul><li>umowy cywilnoprawne,<\/li><li>wezwania do zap\u0142aty,<\/li><li>pozwy, wnioski i apelacje,<\/li><li>ugody i porozumienia przeds\u0105dowe.<\/li><\/ul><p>Naszym priorytetem jest skuteczno\u015b\u0107, jasna komunikacja oraz minimalizacja koszt\u00f3w i czasu trwania sporu. Zawsze d\u0105\u017cymy do znalezienia najlepszego rozwi\u0105zania, niezale\u017cnie od stopnia skomplikowania sprawy.<\/p>\t\t\t\t\t\t\t\t<\/div>\n\t\t\t\t<\/div>\n\t\t\t\t\t<\/div>\n\t\t\t\t<\/div>\n\t\t<div class=\"elementor-element elementor-element-3c7b38fd e-flex e-con-boxed e-con e-parent\" data-id=\"3c7b38fd\" data-element_type=\"container\" data-e-type=\"container\">\n\t\t\t\t\t<div class=\"e-con-inner\">\n\t\t\t\t<div class=\"elementor-element elementor-element-64ee9b2 elementor-widget elementor-widget-text-editor\" data-id=\"64ee9b2\" data-element_type=\"widget\" data-e-type=\"widget\" data-widget_type=\"text-editor.default\">\n\t\t\t\t<div class=\"elementor-widget-container\">\n\t\t\t\t\t\t\t\t\t<p>\u00a9 2025 Kancelarie Radc\u00f3w Prawnych Jacek Hajduk Dominik Matli\u0144ski<\/p>\t\t\t\t\t\t\t\t<\/div>\n\t\t\t\t<\/div>\n\t\t\t\t\t<\/div>\n\t\t\t\t<\/div>\n\t\t\t\t<\/div>\n\t\t","protected":false},"excerpt":{"rendered":"<p>\u2696\ufe0f Prawo cywilne Prawo cywilne stanowi jedn\u0105 z kluczowych dziedzin naszej dzia\u0142alno\u015bci. Reprezentujemy klient\u00f3w indywidualnych oraz przedsi\u0119biorc\u00f3w w sprawach maj\u0105tkowych, osobistych i rodzinnych. Pomagamy zar\u00f3wno na etapie przeds\u0105dowym (porady prawne, sporz\u0105dzanie pism, negocjacje), jak i w post\u0119powaniach s\u0105dowych i egzekucyjnych. \ud83d\udd39 Zakres naszej pomocy obejmuje m.in.: dochodzenie roszcze\u0144 z um\u00f3w (np. o dzie\u0142o, najmu, sprzeda\u017cy, &#8230; <a title=\"Prawo cywilne\" class=\"read-more\" href=\"https:\/\/prawnikzielonagora.pl\/?page_id=212\" aria-label=\"Read more about Prawo cywilne\">Read more<\/a><\/p>\n","protected":false},"author":1,"featured_media":0,"parent":0,"menu_order":0,"comment_status":"closed","ping_status":"closed","template":"","meta":{"footnotes":""},"class_list":["post-212","page","type-page","status-publish"],"_links":{"self":[{"href":"https:\/\/prawnikzielonagora.pl\/index.php?rest_route=\/wp\/v2\/pages\/212","targetHints":{"allow":["GET"]}}],"collection":[{"href":"https:\/\/prawnikzielonagora.pl\/index.php?rest_route=\/wp\/v2\/pages"}],"about":[{"href":"https:\/\/prawnikzielonagora.pl\/index.php?rest_route=\/wp\/v2\/types\/page"}],"author":[{"embeddable":true,"href":"https:\/\/prawnikzielonagora.pl\/index.php?rest_route=\/wp\/v2\/users\/1"}],"replies":[{"embeddable":true,"href":"https:\/\/prawnikzielonagora.pl\/index.php?rest_route=%2Fwp%2Fv2%2Fcomments&post=212"}],"version-history":[{"count":25,"href":"https:\/\/prawnikzielonagora.pl\/index.php?rest_route=\/wp\/v2\/pages\/212\/revisions"}],"predecessor-version":[{"id":575,"href":"https:\/\/prawnikzielonagora.pl\/index.php?rest_route=\/wp\/v2\/pages\/212\/revisions\/575"}],"wp:attachment":[{"href":"https:\/\/prawnikzielonagora.pl\/index.php?rest_route=%2Fwp%2Fv2%2Fmedia&parent=212"}],"curies":[{"name":"wp","href":"https:\/\/api.w.org\/{rel}","templated":true}]}}