{"id":107,"date":"2025-05-19T16:02:48","date_gmt":"2025-05-19T14:02:48","guid":{"rendered":"https:\/\/prawnikzielonagora.pl\/?page_id=107"},"modified":"2026-02-06T15:40:52","modified_gmt":"2026-02-06T14:40:52","slug":"specjalizacje","status":"publish","type":"page","link":"https:\/\/prawnikzielonagora.pl\/?page_id=107","title":{"rendered":"Specjalizacje"},"content":{"rendered":"\t\t<div data-elementor-type=\"wp-page\" data-elementor-id=\"107\" class=\"elementor elementor-107\">\n\t\t\t\t<div class=\"elementor-element elementor-element-6faf470 e-flex e-con-boxed e-con e-parent\" data-id=\"6faf470\" data-element_type=\"container\" data-e-type=\"container\" data-settings=\"{&quot;background_background&quot;:&quot;classic&quot;}\">\n\t\t\t\t\t<div class=\"e-con-inner\">\n\t\t\t\t<div class=\"elementor-element elementor-element-90918dd elementor-widget elementor-widget-heading\" data-id=\"90918dd\" data-element_type=\"widget\" data-e-type=\"widget\" data-widget_type=\"heading.default\">\n\t\t\t\t<div class=\"elementor-widget-container\">\n\t\t\t\t\t<h2 class=\"elementor-heading-title elementor-size-default\">Nasze specjalizacje \u2013 pomoc prawna dopasowana do Twoich potrzeb<\/h2>\t\t\t\t<\/div>\n\t\t\t\t<\/div>\n\t\t\t\t<div class=\"elementor-element elementor-element-916b187 elementor-widget elementor-widget-text-editor\" data-id=\"916b187\" data-element_type=\"widget\" data-e-type=\"widget\" data-widget_type=\"text-editor.default\">\n\t\t\t\t<div class=\"elementor-widget-container\">\n\t\t\t\t\t\t\t\t\t<p>Kancelaria Radc\u00f3w Prawnych Jacek Hajduk i Dominik Matli\u0144ski \u015bwiadczy kompleksow\u0105 pomoc prawn\u0105 zar\u00f3wno dla klient\u00f3w indywidualnych, jak i przedsi\u0119biorc\u00f3w. Posiadamy do\u015bwiadczenie w wielu dziedzinach prawa \u2013 od spraw cywilnych i gospodarczych po kwestie administracyjne czy podatkowe. Poni\u017cej znajdziesz szczeg\u00f3\u0142owy opis naszych specjalizacji.<\/p>\t\t\t\t\t\t\t\t<\/div>\n\t\t\t\t<\/div>\n\t\t\t\t\t<\/div>\n\t\t\t\t<\/div>\n\t\t<div class=\"elementor-element elementor-element-84c5b58 e-grid e-con-boxed e-con e-parent\" data-id=\"84c5b58\" data-element_type=\"container\" data-e-type=\"container\" data-settings=\"{&quot;background_background&quot;:&quot;classic&quot;}\">\n\t\t\t\t\t<div class=\"e-con-inner\">\n\t\t\t\t<div class=\"elementor-element elementor-element-4a86cc7 elementor-align-center elementor-widget elementor-widget-button\" data-id=\"4a86cc7\" data-element_type=\"widget\" data-e-type=\"widget\" data-widget_type=\"button.default\">\n\t\t\t\t<div class=\"elementor-widget-container\">\n\t\t\t\t\t\t\t\t\t<div class=\"elementor-button-wrapper\">\n\t\t\t\t\t<a class=\"elementor-button elementor-button-link elementor-size-sm elementor-animation-bounce-in\" href=\"https:\/\/prawnikzielonagora.pl\/?page_id=212\">\n\t\t\t\t\t\t<span class=\"elementor-button-content-wrapper\">\n\t\t\t\t\t\t\t\t\t<span class=\"elementor-button-text\">\u2696\ufe0f Prawo cywilne<\/span>\n\t\t\t\t\t<\/span>\n\t\t\t\t\t<\/a>\n\t\t\t\t<\/div>\n\t\t\t\t\t\t\t\t<\/div>\n\t\t\t\t<\/div>\n\t\t\t\t<div class=\"elementor-element elementor-element-27544d3 elementor-align-center elementor-widget elementor-widget-button\" data-id=\"27544d3\" data-element_type=\"widget\" data-e-type=\"widget\" data-widget_type=\"button.default\">\n\t\t\t\t<div class=\"elementor-widget-container\">\n\t\t\t\t\t\t\t\t\t<div class=\"elementor-button-wrapper\">\n\t\t\t\t\t<a class=\"elementor-button elementor-button-link elementor-size-sm elementor-animation-bounce-in\" href=\"https:\/\/prawnikzielonagora.pl\/?page_id=217\">\n\t\t\t\t\t\t<span class=\"elementor-button-content-wrapper\">\n\t\t\t\t\t\t\t\t\t<span class=\"elementor-button-text\">\u2696\ufe0f Prawo handlowe<\/span>\n\t\t\t\t\t<\/span>\n\t\t\t\t\t<\/a>\n\t\t\t\t<\/div>\n\t\t\t\t\t\t\t\t<\/div>\n\t\t\t\t<\/div>\n\t\t\t\t<div class=\"elementor-element elementor-element-acb8342 elementor-align-center elementor-mobile-align-justify elementor-widget elementor-widget-button\" data-id=\"acb8342\" data-element_type=\"widget\" data-e-type=\"widget\" data-widget_type=\"button.default\">\n\t\t\t\t<div class=\"elementor-widget-container\">\n\t\t\t\t\t\t\t\t\t<div class=\"elementor-button-wrapper\">\n\t\t\t\t\t<a class=\"elementor-button elementor-button-link elementor-size-sm elementor-animation-bounce-in\" href=\"https:\/\/prawnikzielonagora.pl\/?page_id=219\">\n\t\t\t\t\t\t<span class=\"elementor-button-content-wrapper\">\n\t\t\t\t\t\t\t\t\t<span class=\"elementor-button-text\">\ud83c\udfdb\ufe0f Prawo administracyjne<\/span>\n\t\t\t\t\t<\/span>\n\t\t\t\t\t<\/a>\n\t\t\t\t<\/div>\n\t\t\t\t\t\t\t\t<\/div>\n\t\t\t\t<\/div>\n\t\t\t\t<div class=\"elementor-element elementor-element-43445b6 elementor-align-center elementor-widget elementor-widget-button\" data-id=\"43445b6\" data-element_type=\"widget\" data-e-type=\"widget\" data-widget_type=\"button.default\">\n\t\t\t\t<div class=\"elementor-widget-container\">\n\t\t\t\t\t\t\t\t\t<div class=\"elementor-button-wrapper\">\n\t\t\t\t\t<a class=\"elementor-button elementor-button-link elementor-size-sm elementor-animation-bounce-in\" href=\"https:\/\/prawnikzielonagora.pl\/?page_id=221\">\n\t\t\t\t\t\t<span class=\"elementor-button-content-wrapper\">\n\t\t\t\t\t\t\t\t\t<span class=\"elementor-button-text\">\ud83e\udde9 Inne dziedziny prawa<\/span>\n\t\t\t\t\t<\/span>\n\t\t\t\t\t<\/a>\n\t\t\t\t<\/div>\n\t\t\t\t\t\t\t\t<\/div>\n\t\t\t\t<\/div>\n\t\t\t\t\t<\/div>\n\t\t\t\t<\/div>\n\t\t<div class=\"elementor-element elementor-element-9738fe9 e-flex e-con-boxed e-con e-parent\" data-id=\"9738fe9\" data-element_type=\"container\" data-e-type=\"container\">\n\t\t\t\t\t<div class=\"e-con-inner\">\n\t\t\t\t<div class=\"elementor-element elementor-element-539536cd elementor-widget elementor-widget-text-editor\" data-id=\"539536cd\" data-element_type=\"widget\" data-e-type=\"widget\" data-widget_type=\"text-editor.default\">\n\t\t\t\t<div class=\"elementor-widget-container\">\n\t\t\t\t\t\t\t\t\t<p>\u00a9 2025 Kancelarie Radc\u00f3w Prawnych Jacek Hajduk Dominik Matli\u0144ski<\/p>\t\t\t\t\t\t\t\t<\/div>\n\t\t\t\t<\/div>\n\t\t\t\t\t<\/div>\n\t\t\t\t<\/div>\n\t\t\t\t<\/div>\n\t\t","protected":false},"excerpt":{"rendered":"<p>Nasze specjalizacje \u2013 pomoc prawna dopasowana do Twoich potrzeb Kancelaria Radc\u00f3w Prawnych Jacek Hajduk i Dominik Matli\u0144ski \u015bwiadczy kompleksow\u0105 pomoc prawn\u0105 zar\u00f3wno dla klient\u00f3w indywidualnych, jak i przedsi\u0119biorc\u00f3w. Posiadamy do\u015bwiadczenie w wielu dziedzinach prawa \u2013 od spraw cywilnych i gospodarczych po kwestie administracyjne czy podatkowe. Poni\u017cej znajdziesz szczeg\u00f3\u0142owy opis naszych specjalizacji. \u2696\ufe0f Prawo cywilne \u2696\ufe0f &#8230; <a title=\"Specjalizacje\" class=\"read-more\" href=\"https:\/\/prawnikzielonagora.pl\/?page_id=107\" aria-label=\"Read more about Specjalizacje\">Read more<\/a><\/p>\n","protected":false},"author":1,"featured_media":0,"parent":0,"menu_order":0,"comment_status":"closed","ping_status":"closed","template":"","meta":{"footnotes":""},"class_list":["post-107","page","type-page","status-publish"],"_links":{"self":[{"href":"https:\/\/prawnikzielonagora.pl\/index.php?rest_route=\/wp\/v2\/pages\/107","targetHints":{"allow":["GET"]}}],"collection":[{"href":"https:\/\/prawnikzielonagora.pl\/index.php?rest_route=\/wp\/v2\/pages"}],"about":[{"href":"https:\/\/prawnikzielonagora.pl\/index.php?rest_route=\/wp\/v2\/types\/page"}],"author":[{"embeddable":true,"href":"https:\/\/prawnikzielonagora.pl\/index.php?rest_route=\/wp\/v2\/users\/1"}],"replies":[{"embeddable":true,"href":"https:\/\/prawnikzielonagora.pl\/index.php?rest_route=%2Fwp%2Fv2%2Fcomments&post=107"}],"version-history":[{"count":73,"href":"https:\/\/prawnikzielonagora.pl\/index.php?rest_route=\/wp\/v2\/pages\/107\/revisions"}],"predecessor-version":[{"id":581,"href":"https:\/\/prawnikzielonagora.pl\/index.php?rest_route=\/wp\/v2\/pages\/107\/revisions\/581"}],"wp:attachment":[{"href":"https:\/\/prawnikzielonagora.pl\/index.php?rest_route=%2Fwp%2Fv2%2Fmedia&parent=107"}],"curies":[{"name":"wp","href":"https:\/\/api.w.org\/{rel}","templated":true}]}}